{"id":2,"date":"2023-08-07T19:50:16","date_gmt":"2023-08-07T19:50:16","guid":{"rendered":"https:\/\/web4.rkinformatika.net\/moralesmantenimiento\/?page_id=2"},"modified":"2023-10-01T15:24:29","modified_gmt":"2023-10-01T15:24:29","slug":"inicio","status":"publish","type":"page","link":"https:\/\/moralesmantenimiento.com\/eu\/","title":{"rendered":"Hasiera"},"content":{"rendered":"\t\t<div data-elementor-type=\"wp-page\" data-elementor-id=\"2\" class=\"elementor elementor-2\" data-elementor-post-type=\"page\">\n\t\t\t\t\t\t<section class=\"elementor-section elementor-top-section elementor-element elementor-element-d1682ad elementor-section-boxed elementor-section-height-default elementor-section-height-default elementor-invisible\" data-id=\"d1682ad\" data-element_type=\"section\" data-e-type=\"section\" data-settings=\"{&quot;background_background&quot;:&quot;classic&quot;,&quot;animation&quot;:&quot;fadeInUp&quot;}\">\n\t\t\t\t\t\t\t<div class=\"elementor-background-overlay\"><\/div>\n\t\t\t\t\t\t\t<div class=\"elementor-container elementor-column-gap-default\">\n\t\t\t\t\t<div class=\"elementor-column elementor-col-100 elementor-top-column elementor-element elementor-element-d5d6b57\" data-id=\"d5d6b57\" data-element_type=\"column\" data-e-type=\"column\">\n\t\t\t<div class=\"elementor-widget-wrap elementor-element-populated\">\n\t\t\t\t\t\t<div class=\"elementor-element elementor-element-5bc508e animated-slow elementor-invisible elementor-widget elementor-widget-heading\" data-id=\"5bc508e\" data-element_type=\"widget\" data-e-type=\"widget\" data-settings=\"{&quot;motion_fx_motion_fx_scrolling&quot;:&quot;yes&quot;,&quot;_animation&quot;:&quot;fadeInUp&quot;,&quot;motion_fx_devices&quot;:[&quot;desktop&quot;,&quot;tablet&quot;,&quot;mobile&quot;]}\" data-widget_type=\"heading.default\">\n\t\t\t\t<div class=\"elementor-widget-container\">\n\t\t\t\t\t<h2 class=\"elementor-heading-title elementor-size-default\">M\u00e1s de 35 a\u00f1os en el sector <\/h2>\t\t\t\t<\/div>\n\t\t\t\t<\/div>\n\t\t\t\t\t<\/div>\n\t\t<\/div>\n\t\t\t\t\t<\/div>\n\t\t<\/section>\n\t\t\t\t<section class=\"elementor-section elementor-top-section elementor-element elementor-element-f216ba0 elementor-section-boxed elementor-section-height-default elementor-section-height-default elementor-invisible\" data-id=\"f216ba0\" data-element_type=\"section\" data-e-type=\"section\" data-settings=\"{&quot;animation&quot;:&quot;fadeInDown&quot;}\">\n\t\t\t\t\t\t<div class=\"elementor-container elementor-column-gap-default\">\n\t\t\t\t\t<div class=\"elementor-column elementor-col-66 elementor-top-column elementor-element elementor-element-1b30552\" data-id=\"1b30552\" data-element_type=\"column\" data-e-type=\"column\">\n\t\t\t<div class=\"elementor-widget-wrap elementor-element-populated\">\n\t\t\t\t\t\t<div class=\"elementor-element elementor-element-faa604e elementor-widget elementor-widget-heading\" data-id=\"faa604e\" data-element_type=\"widget\" data-e-type=\"widget\" data-widget_type=\"heading.default\">\n\t\t\t\t<div class=\"elementor-widget-container\">\n\t\t\t\t\t<h2 class=\"elementor-heading-title elementor-size-default\">Sobre nosotros<\/h2>\t\t\t\t<\/div>\n\t\t\t\t<\/div>\n\t\t\t\t<div class=\"elementor-element elementor-element-367f28b elementor-widget elementor-widget-text-editor\" data-id=\"367f28b\" data-element_type=\"widget\" data-e-type=\"widget\" data-widget_type=\"text-editor.default\">\n\t\t\t\t<div class=\"elementor-widget-container\">\n\t\t\t\t\t\t\t\t\t<p>Somos una empresa en el campo del mantenimiento electromec\u00e1nico para la industria gr\u00e1fica, con un historial de \u00e9xito que abarca m\u00e1s de tres d\u00e9cadas. Nuestra dedicaci\u00f3n y experiencia nos han consolidado como la elecci\u00f3n preferida para empresas de impresi\u00f3n y encuadernaci\u00f3n que buscan soluciones confiables y eficientes para mantener sus equipos en funcionamiento \u00f3ptimo.<\/p><p>En nuestro n\u00facleo, estamos comprometidos con la excelencia en el servicio y la reparaci\u00f3n de maquinaria de impresi\u00f3n y encuadernaci\u00f3n de todos los tipos y tama\u00f1os. Somos especializados en comprender la complejidad de estas m\u00e1quinas y est\u00e1 listo para abordar cualquier desaf\u00edo, desde la resoluci\u00f3n de problemas mec\u00e1nicos hasta la optimizaci\u00f3n de sistemas electr\u00f3nicos.<\/p><p>Con m\u00e1s de tres d\u00e9cadas de experiencia en el sector, hemos forjado relaciones s\u00f3lidas con empresas gr\u00e1ficas, y nuestra reputaci\u00f3n se basa en la satisfacci\u00f3n del cliente y la calidad de nuestro trabajo. Siendo su socio de confianza en el mantenimiento electromec\u00e1nico, estamos aqu\u00ed para garantizar que su maquinaria funcione en su mejor estado y est\u00e9 lista para afrontar los desaf\u00edos de la industria gr\u00e1fica moderna.<\/p><p>Conf\u00ede en nosotros para mantener su negocio en movimiento y su producci\u00f3n en su punto m\u00e1s alto. Cont\u00e1ctenos hoy para conocer c\u00f3mo podemos ayudarle a alcanzar el \u00e9xito continuo en la industria gr\u00e1fica.<\/p>\t\t\t\t\t\t\t\t<\/div>\n\t\t\t\t<\/div>\n\t\t\t\t\t<\/div>\n\t\t<\/div>\n\t\t\t\t<div class=\"elementor-column elementor-col-33 elementor-top-column elementor-element elementor-element-8caa86b\" data-id=\"8caa86b\" data-element_type=\"column\" data-e-type=\"column\">\n\t\t\t<div class=\"elementor-widget-wrap elementor-element-populated\">\n\t\t\t\t\t\t<div class=\"elementor-element elementor-element-37551dc elementor-widget elementor-widget-image\" data-id=\"37551dc\" data-element_type=\"widget\" data-e-type=\"widget\" data-widget_type=\"image.default\">\n\t\t\t\t<div class=\"elementor-widget-container\">\n\t\t\t\t\t\t\t\t\t\t\t\t\t\t\t<img decoding=\"async\" src=\"https:\/\/moralesmantenimiento.com\/wp-content\/uploads\/elementor\/thumbs\/metal-gears-and-bearings-qczpjwl5lw4t645nu2tow1n8x7b8pgohsjvzced8g0.jpg\" title=\"metal gears and bearings\" alt=\"metal gears and bearings\" loading=\"lazy\" \/>\t\t\t\t\t\t\t\t\t\t\t\t\t\t\t<\/div>\n\t\t\t\t<\/div>\n\t\t\t\t\t<\/div>\n\t\t<\/div>\n\t\t\t\t\t<\/div>\n\t\t<\/section>\n\t\t\t\t<section class=\"elementor-section elementor-top-section elementor-element elementor-element-49e412d elementor-section-full_width elementor-section-height-default elementor-section-height-default\" data-id=\"49e412d\" data-element_type=\"section\" data-e-type=\"section\">\n\t\t\t\t\t\t<div class=\"elementor-container elementor-column-gap-default\">\n\t\t\t\t\t<div class=\"elementor-column elementor-col-100 elementor-top-column elementor-element elementor-element-d1d7ec4\" data-id=\"d1d7ec4\" data-element_type=\"column\" data-e-type=\"column\">\n\t\t\t<div class=\"elementor-widget-wrap elementor-element-populated\">\n\t\t\t\t\t\t<div class=\"elementor-element elementor-element-9ea5520 elementor--h-position-center elementor--v-position-middle elementor-arrows-position-inside elementor-pagination-position-inside elementor-widget elementor-widget-slides\" data-id=\"9ea5520\" data-element_type=\"widget\" data-e-type=\"widget\" data-settings=\"{&quot;navigation&quot;:&quot;both&quot;,&quot;autoplay&quot;:&quot;yes&quot;,&quot;pause_on_hover&quot;:&quot;yes&quot;,&quot;pause_on_interaction&quot;:&quot;yes&quot;,&quot;autoplay_speed&quot;:5000,&quot;infinite&quot;:&quot;yes&quot;,&quot;transition&quot;:&quot;slide&quot;,&quot;transition_speed&quot;:500}\" data-widget_type=\"slides.default\">\n\t\t\t\t<div class=\"elementor-widget-container\">\n\t\t\t\t\t\t\t\t\t<div class=\"elementor-swiper\">\n\t\t\t\t\t<div class=\"elementor-slides-wrapper elementor-main-swiper swiper\" role=\"region\" aria-roledescription=\"carousel\" aria-label=\"Slides\" dir=\"ltr\" data-animation=\"fadeInUp\">\n\t\t\t\t<div class=\"swiper-wrapper elementor-slides\">\n\t\t\t\t\t\t\t\t\t\t<div class=\"elementor-repeater-item-41d3ad6 swiper-slide\" role=\"group\" aria-roledescription=\"slide\"><div class=\"swiper-slide-bg\" role=\"img\" aria-label=\"Printer inkjet device machine running motion vinyl\"><\/div><div class=\"elementor-background-overlay\"><\/div><a class=\"swiper-slide-inner\" href=\"https:\/\/moralesmantenimiento.com\/contacto\/\"><div class=\"swiper-slide-contents\"><div class=\"elementor-slide-heading\">M\u00e1s de 35 a\u00f1os de experiencia<\/div><div class=\"elementor-slide-description\">Con m\u00e1s de 35 a\u00f1os de experiencia en nuestro campo, nos enfocamos en la calidad e innovaci\u00f3n para evolucionar y mantener nuestra excelencia.<\/div><div  class=\"elementor-button elementor-slide-button elementor-size-sm\">Contacto<\/div><\/div><\/a><\/div><div class=\"elementor-repeater-item-6386692 swiper-slide\" role=\"group\" aria-roledescription=\"slide\"><div class=\"swiper-slide-bg\" role=\"img\" aria-label=\"Specialist repairs the printer cartridge, fuser unit close-up. printer repair technician.\"><\/div><div class=\"elementor-background-overlay\"><\/div><a class=\"swiper-slide-inner\" href=\"https:\/\/moralesmantenimiento.com\/contacto\/\"><div class=\"swiper-slide-contents\"><div class=\"elementor-slide-heading\">Reparaci\u00f3n de todo tipo de maquinaria de impresi\u00f3n y encuadernaci\u00f3n<\/div><div class=\"elementor-slide-description\">Ofrecemos servicios de mantenimiento preventivo para evitar problemas mayores con su equipo y prolongar su vida \u00fatil. <\/div><div  class=\"elementor-button elementor-slide-button elementor-size-sm\">Contacto<\/div><\/div><\/a><\/div><div class=\"elementor-repeater-item-ab2e0b4 swiper-slide\" role=\"group\" aria-roledescription=\"slide\"><div class=\"swiper-slide-bg\" role=\"img\" aria-label=\"Specialist repairs the printer cartridge, fuser unit close-up. printer repair technician.\"><\/div><div class=\"elementor-background-overlay\"><\/div><a class=\"swiper-slide-inner\" href=\"https:\/\/moralesmantenimiento.com\/contacto\/\"><div class=\"swiper-slide-contents\"><div class=\"elementor-slide-heading\">Utilizamos piezas de la mejor calidad y garantizamos un trabajo duradero<\/div><div class=\"elementor-slide-description\">Para nosotros, la confianza depositada en nuestro trabajo es primordial.<\/div><div  class=\"elementor-button elementor-slide-button elementor-size-sm\">Contacto<\/div><\/div><\/a><\/div>\t\t\t\t<\/div>\n\t\t\t\t\t\t\t\t\t\t\t\t\t\t\t<div class=\"elementor-swiper-button elementor-swiper-button-prev\" role=\"button\" tabindex=\"0\" aria-label=\"Previous slide\">\n\t\t\t\t\t\t\t<i aria-hidden=\"true\" class=\"eicon-chevron-left\"><\/i>\t\t\t\t\t\t<\/div>\n\t\t\t\t\t\t<div class=\"elementor-swiper-button elementor-swiper-button-next\" role=\"button\" tabindex=\"0\" aria-label=\"Next slide\">\n\t\t\t\t\t\t\t<i aria-hidden=\"true\" class=\"eicon-chevron-right\"><\/i>\t\t\t\t\t\t<\/div>\n\t\t\t\t\t\t\t\t\t\t\t\t\t\t\t\t<div class=\"swiper-pagination\"><\/div>\n\t\t\t\t\t\t\t\t\t\t\t\t<\/div>\n\t\t\t\t<\/div>\n\t\t\t\t\t\t\t\t<\/div>\n\t\t\t\t<\/div>\n\t\t\t\t\t<\/div>\n\t\t<\/div>\n\t\t\t\t\t<\/div>\n\t\t<\/section>\n\t\t\t\t<\/div>\n\t\t","protected":false},"excerpt":{"rendered":"<p>M\u00e1s de 35 a\u00f1os en el sector Sobre nosotros Somos una empresa en el campo del mantenimiento electromec\u00e1nico para la industria gr\u00e1fica, con un historial de \u00e9xito que abarca m\u00e1s de tres d\u00e9cadas. Nuestra dedicaci\u00f3n y experiencia nos han consolidado como la elecci\u00f3n preferida para empresas de impresi\u00f3n y encuadernaci\u00f3n que buscan soluciones confiables y [&hellip;]<\/p>\n","protected":false},"author":1,"featured_media":0,"parent":0,"menu_order":0,"comment_status":"closed","ping_status":"closed","template":"elementor_canvas","meta":{"footnotes":""},"class_list":["post-2","page","type-page","status-publish","hentry"],"yoast_head":"<!-- This site is optimized with the Yoast SEO plugin v27.3 - https:\/\/yoast.com\/product\/yoast-seo-wordpress\/ -->\n<title>Inicio - Morales Mantenimiento<\/title>\n<meta name=\"robots\" content=\"index, follow, max-snippet:-1, max-image-preview:large, max-video-preview:-1\" \/>\n<link rel=\"canonical\" href=\"https:\/\/moralesmantenimiento.com\/eu\/\" \/>\n<meta property=\"og:locale\" content=\"en_US\" \/>\n<meta property=\"og:type\" content=\"article\" \/>\n<meta property=\"og:title\" content=\"Inicio - Morales Mantenimiento\" \/>\n<meta property=\"og:description\" content=\"M\u00e1s de 35 a\u00f1os en el sector Sobre nosotros Somos una empresa en el campo del mantenimiento electromec\u00e1nico para la industria gr\u00e1fica, con un historial de \u00e9xito que abarca m\u00e1s de tres d\u00e9cadas. Nuestra dedicaci\u00f3n y experiencia nos han consolidado como la elecci\u00f3n preferida para empresas de impresi\u00f3n y encuadernaci\u00f3n que buscan soluciones confiables y [&hellip;]\" \/>\n<meta property=\"og:url\" content=\"https:\/\/moralesmantenimiento.com\/eu\/\" \/>\n<meta property=\"og:site_name\" content=\"Morales Mantenimiento\" \/>\n<meta property=\"article:modified_time\" content=\"2023-10-01T15:24:29+00:00\" \/>\n<meta property=\"og:image\" content=\"https:\/\/moralesmantenimiento.com\/wp-content\/uploads\/elementor\/thumbs\/metal-gears-and-bearings-qczpjwl5lw4t645nu2tow1n8x7b8pgohsjvzced8g0.jpg\" \/>\n<meta name=\"twitter:card\" content=\"summary_large_image\" \/>\n<meta name=\"twitter:label1\" content=\"Est. reading time\" \/>\n\t<meta name=\"twitter:data1\" content=\"1 minutua\" \/>\n<script type=\"application\/ld+json\" class=\"yoast-schema-graph\">{\"@context\":\"https:\\\/\\\/schema.org\",\"@graph\":[{\"@type\":\"WebPage\",\"@id\":\"https:\\\/\\\/moralesmantenimiento.com\\\/\",\"url\":\"https:\\\/\\\/moralesmantenimiento.com\\\/\",\"name\":\"Inicio - Morales Mantenimiento\",\"isPartOf\":{\"@id\":\"https:\\\/\\\/moralesmantenimiento.com\\\/#website\"},\"primaryImageOfPage\":{\"@id\":\"https:\\\/\\\/moralesmantenimiento.com\\\/#primaryimage\"},\"image\":{\"@id\":\"https:\\\/\\\/moralesmantenimiento.com\\\/#primaryimage\"},\"thumbnailUrl\":\"https:\\\/\\\/moralesmantenimiento.com\\\/wp-content\\\/uploads\\\/elementor\\\/thumbs\\\/metal-gears-and-bearings-qczpjwl5lw4t645nu2tow1n8x7b8pgohsjvzced8g0.jpg\",\"datePublished\":\"2023-08-07T19:50:16+00:00\",\"dateModified\":\"2023-10-01T15:24:29+00:00\",\"breadcrumb\":{\"@id\":\"https:\\\/\\\/moralesmantenimiento.com\\\/#breadcrumb\"},\"inLanguage\":\"eu\",\"potentialAction\":[{\"@type\":\"ReadAction\",\"target\":[\"https:\\\/\\\/moralesmantenimiento.com\\\/\"]}]},{\"@type\":\"ImageObject\",\"inLanguage\":\"eu\",\"@id\":\"https:\\\/\\\/moralesmantenimiento.com\\\/#primaryimage\",\"url\":\"https:\\\/\\\/moralesmantenimiento.com\\\/wp-content\\\/uploads\\\/elementor\\\/thumbs\\\/metal-gears-and-bearings-qczpjwl5lw4t645nu2tow1n8x7b8pgohsjvzced8g0.jpg\",\"contentUrl\":\"https:\\\/\\\/moralesmantenimiento.com\\\/wp-content\\\/uploads\\\/elementor\\\/thumbs\\\/metal-gears-and-bearings-qczpjwl5lw4t645nu2tow1n8x7b8pgohsjvzced8g0.jpg\"},{\"@type\":\"BreadcrumbList\",\"@id\":\"https:\\\/\\\/moralesmantenimiento.com\\\/#breadcrumb\",\"itemListElement\":[{\"@type\":\"ListItem\",\"position\":1,\"name\":\"Portada\",\"item\":\"https:\\\/\\\/moralesmantenimiento.com\\\/\"},{\"@type\":\"ListItem\",\"position\":2,\"name\":\"Inicio\"}]},{\"@type\":\"WebSite\",\"@id\":\"https:\\\/\\\/moralesmantenimiento.com\\\/#website\",\"url\":\"https:\\\/\\\/moralesmantenimiento.com\\\/\",\"name\":\"Morales Mantenimiento\",\"description\":\"Mantenimiento electromec\u00e1nico de industrias gr\u00e1ficas \",\"publisher\":{\"@id\":\"https:\\\/\\\/moralesmantenimiento.com\\\/#organization\"},\"potentialAction\":[{\"@type\":\"SearchAction\",\"target\":{\"@type\":\"EntryPoint\",\"urlTemplate\":\"https:\\\/\\\/moralesmantenimiento.com\\\/?s={search_term_string}\"},\"query-input\":{\"@type\":\"PropertyValueSpecification\",\"valueRequired\":true,\"valueName\":\"search_term_string\"}}],\"inLanguage\":\"eu\"},{\"@type\":\"Organization\",\"@id\":\"https:\\\/\\\/moralesmantenimiento.com\\\/#organization\",\"name\":\"Morales Mantenimiento\",\"url\":\"https:\\\/\\\/moralesmantenimiento.com\\\/\",\"logo\":{\"@type\":\"ImageObject\",\"inLanguage\":\"eu\",\"@id\":\"https:\\\/\\\/moralesmantenimiento.com\\\/#\\\/schema\\\/logo\\\/image\\\/\",\"url\":\"https:\\\/\\\/moralesmantenimiento.com\\\/wp-content\\\/uploads\\\/2023\\\/09\\\/cropped-Logo-Morales-.png\",\"contentUrl\":\"https:\\\/\\\/moralesmantenimiento.com\\\/wp-content\\\/uploads\\\/2023\\\/09\\\/cropped-Logo-Morales-.png\",\"width\":500,\"height\":274,\"caption\":\"Morales Mantenimiento\"},\"image\":{\"@id\":\"https:\\\/\\\/moralesmantenimiento.com\\\/#\\\/schema\\\/logo\\\/image\\\/\"}}]}<\/script>\n<!-- \/ Yoast SEO plugin. -->","yoast_head_json":{"title":"Inicio - Morales Mantenimiento","robots":{"index":"index","follow":"follow","max-snippet":"max-snippet:-1","max-image-preview":"max-image-preview:large","max-video-preview":"max-video-preview:-1"},"canonical":"https:\/\/moralesmantenimiento.com\/eu\/","og_locale":"en_US","og_type":"article","og_title":"Inicio - Morales Mantenimiento","og_description":"M\u00e1s de 35 a\u00f1os en el sector Sobre nosotros Somos una empresa en el campo del mantenimiento electromec\u00e1nico para la industria gr\u00e1fica, con un historial de \u00e9xito que abarca m\u00e1s de tres d\u00e9cadas. Nuestra dedicaci\u00f3n y experiencia nos han consolidado como la elecci\u00f3n preferida para empresas de impresi\u00f3n y encuadernaci\u00f3n que buscan soluciones confiables y [&hellip;]","og_url":"https:\/\/moralesmantenimiento.com\/eu\/","og_site_name":"Morales Mantenimiento","article_modified_time":"2023-10-01T15:24:29+00:00","og_image":[{"url":"https:\/\/moralesmantenimiento.com\/wp-content\/uploads\/elementor\/thumbs\/metal-gears-and-bearings-qczpjwl5lw4t645nu2tow1n8x7b8pgohsjvzced8g0.jpg","type":"","width":"","height":""}],"twitter_card":"summary_large_image","twitter_misc":{"Est. reading time":"1 minutua"},"schema":{"@context":"https:\/\/schema.org","@graph":[{"@type":"WebPage","@id":"https:\/\/moralesmantenimiento.com\/","url":"https:\/\/moralesmantenimiento.com\/","name":"Inicio - Morales Mantenimiento","isPartOf":{"@id":"https:\/\/moralesmantenimiento.com\/#website"},"primaryImageOfPage":{"@id":"https:\/\/moralesmantenimiento.com\/#primaryimage"},"image":{"@id":"https:\/\/moralesmantenimiento.com\/#primaryimage"},"thumbnailUrl":"https:\/\/moralesmantenimiento.com\/wp-content\/uploads\/elementor\/thumbs\/metal-gears-and-bearings-qczpjwl5lw4t645nu2tow1n8x7b8pgohsjvzced8g0.jpg","datePublished":"2023-08-07T19:50:16+00:00","dateModified":"2023-10-01T15:24:29+00:00","breadcrumb":{"@id":"https:\/\/moralesmantenimiento.com\/#breadcrumb"},"inLanguage":"eu","potentialAction":[{"@type":"ReadAction","target":["https:\/\/moralesmantenimiento.com\/"]}]},{"@type":"ImageObject","inLanguage":"eu","@id":"https:\/\/moralesmantenimiento.com\/#primaryimage","url":"https:\/\/moralesmantenimiento.com\/wp-content\/uploads\/elementor\/thumbs\/metal-gears-and-bearings-qczpjwl5lw4t645nu2tow1n8x7b8pgohsjvzced8g0.jpg","contentUrl":"https:\/\/moralesmantenimiento.com\/wp-content\/uploads\/elementor\/thumbs\/metal-gears-and-bearings-qczpjwl5lw4t645nu2tow1n8x7b8pgohsjvzced8g0.jpg"},{"@type":"BreadcrumbList","@id":"https:\/\/moralesmantenimiento.com\/#breadcrumb","itemListElement":[{"@type":"ListItem","position":1,"name":"Portada","item":"https:\/\/moralesmantenimiento.com\/"},{"@type":"ListItem","position":2,"name":"Inicio"}]},{"@type":"WebSite","@id":"https:\/\/moralesmantenimiento.com\/#website","url":"https:\/\/moralesmantenimiento.com\/","name":"Morales Mantenimiento","description":"Mantenimiento electromec\u00e1nico de industrias gr\u00e1ficas","publisher":{"@id":"https:\/\/moralesmantenimiento.com\/#organization"},"potentialAction":[{"@type":"SearchAction","target":{"@type":"EntryPoint","urlTemplate":"https:\/\/moralesmantenimiento.com\/?s={search_term_string}"},"query-input":{"@type":"PropertyValueSpecification","valueRequired":true,"valueName":"search_term_string"}}],"inLanguage":"eu"},{"@type":"Organization","@id":"https:\/\/moralesmantenimiento.com\/#organization","name":"Morales Mantenimiento","url":"https:\/\/moralesmantenimiento.com\/","logo":{"@type":"ImageObject","inLanguage":"eu","@id":"https:\/\/moralesmantenimiento.com\/#\/schema\/logo\/image\/","url":"https:\/\/moralesmantenimiento.com\/wp-content\/uploads\/2023\/09\/cropped-Logo-Morales-.png","contentUrl":"https:\/\/moralesmantenimiento.com\/wp-content\/uploads\/2023\/09\/cropped-Logo-Morales-.png","width":500,"height":274,"caption":"Morales Mantenimiento"},"image":{"@id":"https:\/\/moralesmantenimiento.com\/#\/schema\/logo\/image\/"}}]}},"_links":{"self":[{"href":"https:\/\/moralesmantenimiento.com\/eu\/wp-json\/wp\/v2\/pages\/2","targetHints":{"allow":["GET"]}}],"collection":[{"href":"https:\/\/moralesmantenimiento.com\/eu\/wp-json\/wp\/v2\/pages"}],"about":[{"href":"https:\/\/moralesmantenimiento.com\/eu\/wp-json\/wp\/v2\/types\/page"}],"author":[{"embeddable":true,"href":"https:\/\/moralesmantenimiento.com\/eu\/wp-json\/wp\/v2\/users\/1"}],"replies":[{"embeddable":true,"href":"https:\/\/moralesmantenimiento.com\/eu\/wp-json\/wp\/v2\/comments?post=2"}],"version-history":[{"count":97,"href":"https:\/\/moralesmantenimiento.com\/eu\/wp-json\/wp\/v2\/pages\/2\/revisions"}],"predecessor-version":[{"id":421,"href":"https:\/\/moralesmantenimiento.com\/eu\/wp-json\/wp\/v2\/pages\/2\/revisions\/421"}],"wp:attachment":[{"href":"https:\/\/moralesmantenimiento.com\/eu\/wp-json\/wp\/v2\/media?parent=2"}],"curies":[{"name":"wp","href":"https:\/\/api.w.org\/{rel}","templated":true}]}}