{"id":15,"date":"2023-08-07T19:55:43","date_gmt":"2023-08-07T19:55:43","guid":{"rendered":"https:\/\/web4.rkinformatika.net\/moralesmantenimiento\/?page_id=15"},"modified":"2023-10-01T15:34:30","modified_gmt":"2023-10-01T15:34:30","slug":"servicios","status":"publish","type":"page","link":"https:\/\/moralesmantenimiento.com\/eu\/servicios\/","title":{"rendered":"Zerbitzuak"},"content":{"rendered":"<div data-elementor-type=\"wp-page\" data-elementor-id=\"15\" class=\"elementor elementor-15\" data-elementor-post-type=\"page\">\n\t\t\t\t\t\t<section class=\"elementor-section elementor-top-section elementor-element elementor-element-8e44795 elementor-section-boxed elementor-section-height-default elementor-section-height-default elementor-invisible\" data-id=\"8e44795\" data-element_type=\"section\" data-e-type=\"section\" data-settings=\"{&quot;background_background&quot;:&quot;classic&quot;,&quot;animation&quot;:&quot;fadeInUp&quot;}\">\n\t\t\t\t\t\t\t<div class=\"elementor-background-overlay\"><\/div>\n\t\t\t\t\t\t\t<div class=\"elementor-container elementor-column-gap-default\">\n\t\t\t\t\t<div class=\"elementor-column elementor-col-100 elementor-top-column elementor-element elementor-element-2483b95\" data-id=\"2483b95\" data-element_type=\"column\" data-e-type=\"column\">\n\t\t\t<div class=\"elementor-widget-wrap\">\n\t\t\t\t\t\t\t<\/div>\n\t\t<\/div>\n\t\t\t\t\t<\/div>\n\t\t<\/section>\n\t\t\t\t<section class=\"elementor-section elementor-top-section elementor-element elementor-element-1e46b00 elementor-section-boxed elementor-section-height-default elementor-section-height-default elementor-invisible\" data-id=\"1e46b00\" data-element_type=\"section\" data-e-type=\"section\" data-settings=\"{&quot;animation&quot;:&quot;fadeInDown&quot;}\">\n\t\t\t\t\t\t<div class=\"elementor-container elementor-column-gap-default\">\n\t\t\t\t\t<div class=\"elementor-column elementor-col-100 elementor-top-column elementor-element elementor-element-eee8352\" data-id=\"eee8352\" data-element_type=\"column\" data-e-type=\"column\">\n\t\t\t<div class=\"elementor-widget-wrap elementor-element-populated\">\n\t\t\t\t\t\t<div class=\"elementor-element elementor-element-1381d3b elementor-widget elementor-widget-heading\" data-id=\"1381d3b\" data-element_type=\"widget\" data-e-type=\"widget\" data-widget_type=\"heading.default\">\n\t\t\t\t<div class=\"elementor-widget-container\">\n\t\t\t\t\t<h2 class=\"elementor-heading-title elementor-size-xxl\">Nuestros Servicios<\/h2>\t\t\t\t<\/div>\n\t\t\t\t<\/div>\n\t\t\t\t<div class=\"elementor-element elementor-element-d1e847c elementor-widget elementor-widget-text-editor\" data-id=\"d1e847c\" data-element_type=\"widget\" data-e-type=\"widget\" data-widget_type=\"text-editor.default\">\n\t\t\t\t<div class=\"elementor-widget-container\">\n\t\t\t\t\t\t\t\t\t<p>Ofrecemos servicios de reparaci\u00f3n confiables para m\u00e1quinas de impresi\u00f3n y encuadernaci\u00f3n. Es importante elegir expertos cuando se trata de mantener estas m\u00e1quinas cr\u00edticas y aqu\u00ed es donde podemos ayudar. Con m\u00e1s de 35 a\u00f1os de experiencia y conocimiento nosotros garantizamos que sus m\u00e1quinas reciban el mejor cuidado.<\/p>\n<p>Entendemos lo importante que es para las empresas mantener la productividad y minimizar el tiempo de inactividad, por lo que ofrecemos tiempos de respuesta r\u00e1pidos sin comprometer la calidad. Ya sea que necesite mantenimiento preventivo o reparaciones de emergencia, nosotros nos haremos cargo. La satisfacci\u00f3n del cliente es nuestra principal prioridad, por lo que puede confiar en nosotros para brindar el mejor servicio posible.<\/p>\n<p>Si busca servicios de reparaci\u00f3n confiables y eficientes para sus m\u00e1quinas de impresi\u00f3n y encuadernaci\u00f3n, no busque m\u00e1s.<\/p>\t\t\t\t\t\t\t\t<\/div>\n\t\t\t\t<\/div>\n\t\t\t\t\t<\/div>\n\t\t<\/div>\n\t\t\t\t\t<\/div>\n\t\t<\/section>\n\t\t\t\t<section class=\"elementor-section elementor-top-section elementor-element elementor-element-ac6c703 elementor-section-full_width elementor-section-height-default elementor-section-height-default\" data-id=\"ac6c703\" data-element_type=\"section\" data-e-type=\"section\">\n\t\t\t\t\t\t<div class=\"elementor-container elementor-column-gap-default\">\n\t\t\t\t\t<div class=\"elementor-column elementor-col-100 elementor-top-column elementor-element elementor-element-9cfb207\" data-id=\"9cfb207\" data-element_type=\"column\" data-e-type=\"column\">\n\t\t\t<div class=\"elementor-widget-wrap elementor-element-populated\">\n\t\t\t\t\t\t<div class=\"elementor-element elementor-element-529df4c elementor--h-position-center elementor--v-position-middle elementor-arrows-position-inside elementor-pagination-position-inside elementor-widget elementor-widget-slides\" data-id=\"529df4c\" data-element_type=\"widget\" data-e-type=\"widget\" data-settings=\"{&quot;navigation&quot;:&quot;both&quot;,&quot;autoplay&quot;:&quot;yes&quot;,&quot;pause_on_hover&quot;:&quot;yes&quot;,&quot;pause_on_interaction&quot;:&quot;yes&quot;,&quot;autoplay_speed&quot;:5000,&quot;infinite&quot;:&quot;yes&quot;,&quot;transition&quot;:&quot;slide&quot;,&quot;transition_speed&quot;:500}\" data-widget_type=\"slides.default\">\n\t\t\t\t<div class=\"elementor-widget-container\">\n\t\t\t\t\t\t\t\t\t<div class=\"elementor-swiper\">\n\t\t\t\t\t<div class=\"elementor-slides-wrapper elementor-main-swiper swiper\" role=\"region\" aria-roledescription=\"carousel\" aria-label=\"Diapositivas\" dir=\"ltr\" data-animation=\"fadeInUp\">\n\t\t\t\t<div class=\"swiper-wrapper elementor-slides\">\n\t\t\t\t\t\t\t\t\t\t<div class=\"elementor-repeater-item-41d3ad6 swiper-slide\" role=\"group\" aria-roledescription=\"slide\"><div class=\"swiper-slide-bg\" role=\"img\" aria-label=\"Printer inkjet device machine running motion vinyl\"><\/div><div class=\"elementor-background-overlay\"><\/div><a class=\"swiper-slide-inner\" href=\"https:\/\/moralesmantenimiento.com\/eu\/contacto\/\"><div class=\"swiper-slide-contents\"><div class=\"elementor-slide-heading\">35 urtetik gorako esperientzia<\/div><div class=\"elementor-slide-description\">Gure alorrean 35 urte baino gehiagoko esperientzia izanik, kalitatean eta berrikuntzan zentratzen gara, eboluzionatzeko eta gure bikaintasunari eusteko.<\/div><div  class=\"elementor-button elementor-slide-button elementor-size-sm\">Kontaktua<\/div><\/div><\/a><\/div><div class=\"elementor-repeater-item-6386692 swiper-slide\" role=\"group\" aria-roledescription=\"slide\"><div class=\"swiper-slide-bg\" role=\"img\" aria-label=\"Specialist repairs the printer cartridge, fuser unit close-up. printer repair technician.\"><\/div><div class=\"elementor-background-overlay\"><\/div><a class=\"swiper-slide-inner\" href=\"https:\/\/moralesmantenimiento.com\/eu\/contacto\/\"><div class=\"swiper-slide-contents\"><div class=\"elementor-slide-heading\">Inprimatzeko eta azaleztatzeko era guztietako makinen konponketa<\/div><div class=\"elementor-slide-description\">Mantentze prebentiboko zerbitzuak eskaintzen ditugu, zure ekipoarekin arazo handiagoak saihesteko eta zure bizitza baliagarria luzatzeko. <\/div><div  class=\"elementor-button elementor-slide-button elementor-size-sm\">Kontaktua<\/div><\/div><\/a><\/div><div class=\"elementor-repeater-item-ab2e0b4 swiper-slide\" role=\"group\" aria-roledescription=\"slide\"><div class=\"swiper-slide-bg\" role=\"img\" aria-label=\"Specialist repairs the printer cartridge, fuser unit close-up. printer repair technician.\"><\/div><div class=\"elementor-background-overlay\"><\/div><a class=\"swiper-slide-inner\" href=\"https:\/\/moralesmantenimiento.com\/eu\/contacto\/\"><div class=\"swiper-slide-contents\"><div class=\"elementor-slide-heading\">Kalitate oneneko piezak erabiltzen ditugu eta lan iraunkorra bermatzen dugu<\/div><div class=\"elementor-slide-description\">Guretzat, gure lanean jarritako konfiantza funtsezkoa da.<\/div><div  class=\"elementor-button elementor-slide-button elementor-size-sm\">Kontaktua<\/div><\/div><\/a><\/div>\t\t\t\t<\/div>\n\t\t\t\t\t\t\t\t\t\t\t\t\t\t\t<div class=\"elementor-swiper-button elementor-swiper-button-prev\" role=\"button\" tabindex=\"0\" aria-label=\"Diapositiva anterior\">\n\t\t\t\t\t\t\t<i aria-hidden=\"true\" class=\"eicon-chevron-left\"><\/i>\t\t\t\t\t\t<\/div>\n\t\t\t\t\t\t<div class=\"elementor-swiper-button elementor-swiper-button-next\" role=\"button\" tabindex=\"0\" aria-label=\"Diapositiva siguiente\">\n\t\t\t\t\t\t\t<i aria-hidden=\"true\" class=\"eicon-chevron-right\"><\/i>\t\t\t\t\t\t<\/div>\n\t\t\t\t\t\t\t\t\t\t\t\t\t\t\t\t<div class=\"swiper-pagination\"><\/div>\n\t\t\t\t\t\t\t\t\t\t\t\t<\/div>\n\t\t\t\t<\/div>\n\t\t\t\t\t\t\t\t<\/div>\n\t\t\t\t<\/div>\n\t\t\t\t\t<\/div>\n\t\t<\/div>\n\t\t\t\t\t<\/div>\n\t\t<\/section>\n\t\t\t\t<\/div>","protected":false},"excerpt":{"rendered":"<p>Nuestros Servicios Ofrecemos servicios de reparaci\u00f3n confiables para m\u00e1quinas de impresi\u00f3n y encuadernaci\u00f3n. Es importante elegir expertos cuando se trata de mantener estas m\u00e1quinas cr\u00edticas y aqu\u00ed es donde podemos ayudar. Con m\u00e1s de 35 a\u00f1os de experiencia y conocimiento nosotros garantizamos que sus m\u00e1quinas reciban el mejor cuidado. Entendemos lo importante que es para [&hellip;]<\/p>\n","protected":false},"author":1,"featured_media":0,"parent":0,"menu_order":0,"comment_status":"closed","ping_status":"closed","template":"elementor_canvas","meta":{"footnotes":""},"class_list":["post-15","page","type-page","status-publish","hentry"],"yoast_head":"<!-- This site is optimized with the Yoast SEO plugin v27.3 - https:\/\/yoast.com\/product\/yoast-seo-wordpress\/ -->\n<title>Servicios - Morales Mantenimiento<\/title>\n<meta name=\"robots\" content=\"index, follow, max-snippet:-1, max-image-preview:large, max-video-preview:-1\" \/>\n<link rel=\"canonical\" href=\"https:\/\/moralesmantenimiento.com\/eu\/servicios\/\" \/>\n<meta property=\"og:locale\" content=\"en_US\" \/>\n<meta property=\"og:type\" content=\"article\" \/>\n<meta property=\"og:title\" content=\"Servicios - Morales Mantenimiento\" \/>\n<meta property=\"og:description\" content=\"Nuestros Servicios Ofrecemos servicios de reparaci\u00f3n confiables para m\u00e1quinas de impresi\u00f3n y encuadernaci\u00f3n. Es importante elegir expertos cuando se trata de mantener estas m\u00e1quinas cr\u00edticas y aqu\u00ed es donde podemos ayudar. Con m\u00e1s de 35 a\u00f1os de experiencia y conocimiento nosotros garantizamos que sus m\u00e1quinas reciban el mejor cuidado. Entendemos lo importante que es para [&hellip;]\" \/>\n<meta property=\"og:url\" content=\"https:\/\/moralesmantenimiento.com\/eu\/servicios\/\" \/>\n<meta property=\"og:site_name\" content=\"Morales Mantenimiento\" \/>\n<meta property=\"article:modified_time\" content=\"2023-10-01T15:34:30+00:00\" \/>\n<meta name=\"twitter:card\" content=\"summary_large_image\" \/>\n<meta name=\"twitter:label1\" content=\"Est. reading time\" \/>\n\t<meta name=\"twitter:data1\" content=\"2 minutua\" \/>\n<script type=\"application\/ld+json\" class=\"yoast-schema-graph\">{\"@context\":\"https:\\\/\\\/schema.org\",\"@graph\":[{\"@type\":\"WebPage\",\"@id\":\"https:\\\/\\\/moralesmantenimiento.com\\\/servicios\\\/\",\"url\":\"https:\\\/\\\/moralesmantenimiento.com\\\/servicios\\\/\",\"name\":\"Servicios - Morales Mantenimiento\",\"isPartOf\":{\"@id\":\"https:\\\/\\\/moralesmantenimiento.com\\\/#website\"},\"datePublished\":\"2023-08-07T19:55:43+00:00\",\"dateModified\":\"2023-10-01T15:34:30+00:00\",\"breadcrumb\":{\"@id\":\"https:\\\/\\\/moralesmantenimiento.com\\\/servicios\\\/#breadcrumb\"},\"inLanguage\":\"eu\",\"potentialAction\":[{\"@type\":\"ReadAction\",\"target\":[\"https:\\\/\\\/moralesmantenimiento.com\\\/servicios\\\/\"]}]},{\"@type\":\"BreadcrumbList\",\"@id\":\"https:\\\/\\\/moralesmantenimiento.com\\\/servicios\\\/#breadcrumb\",\"itemListElement\":[{\"@type\":\"ListItem\",\"position\":1,\"name\":\"Portada\",\"item\":\"https:\\\/\\\/moralesmantenimiento.com\\\/\"},{\"@type\":\"ListItem\",\"position\":2,\"name\":\"Servicios\"}]},{\"@type\":\"WebSite\",\"@id\":\"https:\\\/\\\/moralesmantenimiento.com\\\/#website\",\"url\":\"https:\\\/\\\/moralesmantenimiento.com\\\/\",\"name\":\"Morales Mantenimiento\",\"description\":\"Mantenimiento electromec\u00e1nico de industrias gr\u00e1ficas \",\"publisher\":{\"@id\":\"https:\\\/\\\/moralesmantenimiento.com\\\/#organization\"},\"potentialAction\":[{\"@type\":\"SearchAction\",\"target\":{\"@type\":\"EntryPoint\",\"urlTemplate\":\"https:\\\/\\\/moralesmantenimiento.com\\\/?s={search_term_string}\"},\"query-input\":{\"@type\":\"PropertyValueSpecification\",\"valueRequired\":true,\"valueName\":\"search_term_string\"}}],\"inLanguage\":\"eu\"},{\"@type\":\"Organization\",\"@id\":\"https:\\\/\\\/moralesmantenimiento.com\\\/#organization\",\"name\":\"Morales Mantenimiento\",\"url\":\"https:\\\/\\\/moralesmantenimiento.com\\\/\",\"logo\":{\"@type\":\"ImageObject\",\"inLanguage\":\"eu\",\"@id\":\"https:\\\/\\\/moralesmantenimiento.com\\\/#\\\/schema\\\/logo\\\/image\\\/\",\"url\":\"https:\\\/\\\/moralesmantenimiento.com\\\/wp-content\\\/uploads\\\/2023\\\/09\\\/cropped-Logo-Morales-.png\",\"contentUrl\":\"https:\\\/\\\/moralesmantenimiento.com\\\/wp-content\\\/uploads\\\/2023\\\/09\\\/cropped-Logo-Morales-.png\",\"width\":500,\"height\":274,\"caption\":\"Morales Mantenimiento\"},\"image\":{\"@id\":\"https:\\\/\\\/moralesmantenimiento.com\\\/#\\\/schema\\\/logo\\\/image\\\/\"}}]}<\/script>\n<!-- \/ Yoast SEO plugin. -->","yoast_head_json":{"title":"Servicios - Morales Mantenimiento","robots":{"index":"index","follow":"follow","max-snippet":"max-snippet:-1","max-image-preview":"max-image-preview:large","max-video-preview":"max-video-preview:-1"},"canonical":"https:\/\/moralesmantenimiento.com\/eu\/servicios\/","og_locale":"en_US","og_type":"article","og_title":"Servicios - Morales Mantenimiento","og_description":"Nuestros Servicios Ofrecemos servicios de reparaci\u00f3n confiables para m\u00e1quinas de impresi\u00f3n y encuadernaci\u00f3n. Es importante elegir expertos cuando se trata de mantener estas m\u00e1quinas cr\u00edticas y aqu\u00ed es donde podemos ayudar. Con m\u00e1s de 35 a\u00f1os de experiencia y conocimiento nosotros garantizamos que sus m\u00e1quinas reciban el mejor cuidado. Entendemos lo importante que es para [&hellip;]","og_url":"https:\/\/moralesmantenimiento.com\/eu\/servicios\/","og_site_name":"Morales Mantenimiento","article_modified_time":"2023-10-01T15:34:30+00:00","twitter_card":"summary_large_image","twitter_misc":{"Est. reading time":"2 minutua"},"schema":{"@context":"https:\/\/schema.org","@graph":[{"@type":"WebPage","@id":"https:\/\/moralesmantenimiento.com\/servicios\/","url":"https:\/\/moralesmantenimiento.com\/servicios\/","name":"Servicios - Morales Mantenimiento","isPartOf":{"@id":"https:\/\/moralesmantenimiento.com\/#website"},"datePublished":"2023-08-07T19:55:43+00:00","dateModified":"2023-10-01T15:34:30+00:00","breadcrumb":{"@id":"https:\/\/moralesmantenimiento.com\/servicios\/#breadcrumb"},"inLanguage":"eu","potentialAction":[{"@type":"ReadAction","target":["https:\/\/moralesmantenimiento.com\/servicios\/"]}]},{"@type":"BreadcrumbList","@id":"https:\/\/moralesmantenimiento.com\/servicios\/#breadcrumb","itemListElement":[{"@type":"ListItem","position":1,"name":"Portada","item":"https:\/\/moralesmantenimiento.com\/"},{"@type":"ListItem","position":2,"name":"Servicios"}]},{"@type":"WebSite","@id":"https:\/\/moralesmantenimiento.com\/#website","url":"https:\/\/moralesmantenimiento.com\/","name":"Morales Mantenimiento","description":"Mantenimiento electromec\u00e1nico de industrias gr\u00e1ficas","publisher":{"@id":"https:\/\/moralesmantenimiento.com\/#organization"},"potentialAction":[{"@type":"SearchAction","target":{"@type":"EntryPoint","urlTemplate":"https:\/\/moralesmantenimiento.com\/?s={search_term_string}"},"query-input":{"@type":"PropertyValueSpecification","valueRequired":true,"valueName":"search_term_string"}}],"inLanguage":"eu"},{"@type":"Organization","@id":"https:\/\/moralesmantenimiento.com\/#organization","name":"Morales Mantenimiento","url":"https:\/\/moralesmantenimiento.com\/","logo":{"@type":"ImageObject","inLanguage":"eu","@id":"https:\/\/moralesmantenimiento.com\/#\/schema\/logo\/image\/","url":"https:\/\/moralesmantenimiento.com\/wp-content\/uploads\/2023\/09\/cropped-Logo-Morales-.png","contentUrl":"https:\/\/moralesmantenimiento.com\/wp-content\/uploads\/2023\/09\/cropped-Logo-Morales-.png","width":500,"height":274,"caption":"Morales Mantenimiento"},"image":{"@id":"https:\/\/moralesmantenimiento.com\/#\/schema\/logo\/image\/"}}]}},"_links":{"self":[{"href":"https:\/\/moralesmantenimiento.com\/eu\/wp-json\/wp\/v2\/pages\/15","targetHints":{"allow":["GET"]}}],"collection":[{"href":"https:\/\/moralesmantenimiento.com\/eu\/wp-json\/wp\/v2\/pages"}],"about":[{"href":"https:\/\/moralesmantenimiento.com\/eu\/wp-json\/wp\/v2\/types\/page"}],"author":[{"embeddable":true,"href":"https:\/\/moralesmantenimiento.com\/eu\/wp-json\/wp\/v2\/users\/1"}],"replies":[{"embeddable":true,"href":"https:\/\/moralesmantenimiento.com\/eu\/wp-json\/wp\/v2\/comments?post=15"}],"version-history":[{"count":46,"href":"https:\/\/moralesmantenimiento.com\/eu\/wp-json\/wp\/v2\/pages\/15\/revisions"}],"predecessor-version":[{"id":437,"href":"https:\/\/moralesmantenimiento.com\/eu\/wp-json\/wp\/v2\/pages\/15\/revisions\/437"}],"wp:attachment":[{"href":"https:\/\/moralesmantenimiento.com\/eu\/wp-json\/wp\/v2\/media?parent=15"}],"curies":[{"name":"wp","href":"https:\/\/api.w.org\/{rel}","templated":true}]}}